{"id":64,"date":"2024-02-04T15:53:35","date_gmt":"2024-02-04T14:53:35","guid":{"rendered":"https:\/\/kaferhome.fr\/?page_id=64"},"modified":"2026-02-22T17:09:59","modified_gmt":"2026-02-22T16:09:59","slug":"tarification","status":"publish","type":"page","link":"https:\/\/kaferhome.fr\/en\/tarification\/","title":{"rendered":"Rate"},"content":{"rendered":"<p>Rental is possible from 4 consecutive days (off season) and 7 consecutive days in the summer season (Saturday to Saturday).<\/p>\n\n\n\n<p><strong>Price (cleaning and tourist taxes included):<\/strong>&nbsp;:<\/p>\n\n\n\n<p>du 1er f\u00e9vrier au 4 juillet 2026 : 230\u20ac \/ nuit\u00e9e<\/p>\n\n\n\n<p>du 4 juillet au 30 ao\u00fbt 2026 : 370\u20ac \/ nuit\u00e9e soit 2.590\u20ac \/ semaine<\/p>\n\n\n\n<p>du 30 ao\u00fbt au 30 septembre 2026 : 230 \u20ac \/ nuit\u00e9e<\/p>\n\n\n\n<p>du 1er octobre au 17 octobre 2026 : 150\u20ac \/ nuit\u00e9e<\/p>\n\n\n\n<p>du 17 octobre au 31 octobre 2026 : 230 \u20ac \/ nuit\u00e9e<\/p>\n\n\n\n<p>du 31 octobre au 19 d\u00e9cembre 2026 : 150\u20ac \/ nuit\u00e9e<\/p>\n\n\n\n<p>du 19 d\u00e9cembre 2026 au 5 janvier 2027 : 250\u20ac \/ nuit\u00e9e<\/p>\n\n\n\n<p>Sheets and bath towels are provided. We also provide you with maintenance products and cleaning equipment.<\/p>\n\n\n\n<p><\/p>","protected":false},"excerpt":{"rendered":"<p>La location est possible \u00e0 partir de 4 jours cons\u00e9cutifs (hors saison) et 7 jours cons\u00e9cutifs en saison estivale (du samedi au samedi). Tarif (m\u00e9nage et taxes de s\u00e9jour comprises)&nbsp;: du 1er f\u00e9vrier au 4 juillet 2026 : 230\u20ac \/ nuit\u00e9e du 4 juillet au 30 ao\u00fbt 2026 : 370\u20ac \/ nuit\u00e9e soit 2.590\u20ac \/&#8230;<\/p>","protected":false},"author":1,"featured_media":0,"parent":0,"menu_order":0,"comment_status":"closed","ping_status":"closed","template":"","meta":{"_kadence_starter_templates_imported_post":false,"_kad_post_transparent":"","_kad_post_title":"","_kad_post_layout":"","_kad_post_sidebar_id":"","_kad_post_content_style":"","_kad_post_vertical_padding":"","_kad_post_feature":"","_kad_post_feature_position":"","_kad_post_header":false,"_kad_post_footer":false,"footnotes":""},"class_list":["post-64","page","type-page","status-publish","hentry"],"_links":{"self":[{"href":"https:\/\/kaferhome.fr\/en\/wp-json\/wp\/v2\/pages\/64","targetHints":{"allow":["GET"]}}],"collection":[{"href":"https:\/\/kaferhome.fr\/en\/wp-json\/wp\/v2\/pages"}],"about":[{"href":"https:\/\/kaferhome.fr\/en\/wp-json\/wp\/v2\/types\/page"}],"author":[{"embeddable":true,"href":"https:\/\/kaferhome.fr\/en\/wp-json\/wp\/v2\/users\/1"}],"replies":[{"embeddable":true,"href":"https:\/\/kaferhome.fr\/en\/wp-json\/wp\/v2\/comments?post=64"}],"version-history":[{"count":10,"href":"https:\/\/kaferhome.fr\/en\/wp-json\/wp\/v2\/pages\/64\/revisions"}],"predecessor-version":[{"id":199,"href":"https:\/\/kaferhome.fr\/en\/wp-json\/wp\/v2\/pages\/64\/revisions\/199"}],"wp:attachment":[{"href":"https:\/\/kaferhome.fr\/en\/wp-json\/wp\/v2\/media?parent=64"}],"curies":[{"name":"wp","href":"https:\/\/api.w.org\/{rel}","templated":true}]}}