{"id":6,"date":"2024-02-04T11:03:49","date_gmt":"2024-02-04T10:03:49","guid":{"rendered":"https:\/\/kaferhome.fr\/?page_id=6"},"modified":"2025-12-31T18:43:10","modified_gmt":"2025-12-31T17:43:10","slug":"accueil","status":"publish","type":"page","link":"https:\/\/kaferhome.fr\/en\/","title":{"rendered":"Reception"},"content":{"rendered":"<div class=\"wp-block-group alignfull\"><div class=\"wp-block-group__inner-container is-layout-constrained wp-block-group-is-layout-constrained\">\n<div class=\"wp-block-media-text is-stacked-on-mobile\"><figure class=\"wp-block-media-text__media\"><img loading=\"lazy\" decoding=\"async\" width=\"1024\" height=\"768\" src=\"http:\/\/kaferhome.fr\/wp-content\/uploads\/2024\/02\/ext-1024x768.jpg\" alt=\"\" class=\"wp-image-19 size-full\" srcset=\"https:\/\/kaferhome.fr\/wp-content\/uploads\/2024\/02\/ext-1024x768.jpg 1024w, https:\/\/kaferhome.fr\/wp-content\/uploads\/2024\/02\/ext-300x225.jpg 300w, https:\/\/kaferhome.fr\/wp-content\/uploads\/2024\/02\/ext-768x576.jpg 768w, https:\/\/kaferhome.fr\/wp-content\/uploads\/2024\/02\/ext-1536x1152.jpg 1536w, https:\/\/kaferhome.fr\/wp-content\/uploads\/2024\/02\/ext.jpg 2048w\" sizes=\"auto, (max-width: 1024px) 100vw, 1024px\" \/><\/figure><div class=\"wp-block-media-text__content\">\n<p><strong><em>WELCOME<\/em><\/strong><\/p>\n\n\n\n<p>La maison \u00ab\u00a0K\u00e4fer Home\u00a0\u00bb, g\u00eete 3*, vous accueille au c\u0153ur du P\u00e9rigord noir.<\/p>\n\n\n\n<p>House including :<\/p>\n\n\n\n<p>First floor: entrance, 42 m\u00b2 living room with fitted and equipped kitchen (dishwasher, oven, microwave, fridge with 3-drawer freezer, pod coffee maker, toaster), relaxation room with sauna and piano, separate toilet. Laundry room with washing machine and dryer.<\/p>\n\n\n\n<p>Upstairs: 2 master suites with 160\u00d7200 Queen Size beds and en-suite shower room + 3rd bedroom with 2 90\u00d7200 beds and 4th bedroom with 160\u00d7200 Queen Size bed and en-suite shower room.<\/p>\n\n\n\n<p><br>Ext\u00e9rieur : Terrasses bois, spa et piscine chauff\u00e9e d&rsquo;avril \u00e0 septembre de 7mx3m + petit bassin, un terrain de p\u00e9tanque (boules et cochonnet fournis) et table de ping-pong (raquettes et balles fournies).<\/p>\n\n\n\n<p> All in a quiet area with a view of the Dordogne valley.<\/p>\n\n\n\n<p>Our animal friends are not accepted in our g\u00eete.<\/p>\n<\/div><\/div>\n<\/div><\/div>\n\n\n\n<div class=\"wp-block-columns is-layout-flex wp-container-core-columns-is-layout-1 wp-block-columns-is-layout-flex\">\n<div class=\"wp-block-column is-layout-flow wp-block-column-is-layout-flow\" style=\"flex-basis:100%\">\n<figure class=\"wp-block-image size-large is-resized\"><img loading=\"lazy\" decoding=\"async\" width=\"1024\" height=\"768\" src=\"http:\/\/kaferhome.fr\/wp-content\/uploads\/2024\/04\/IMG_8615-1024x768.jpeg\" alt=\"\" class=\"wp-image-136\" style=\"width:664px;height:auto\" srcset=\"https:\/\/kaferhome.fr\/wp-content\/uploads\/2024\/04\/IMG_8615-1024x768.jpeg 1024w, https:\/\/kaferhome.fr\/wp-content\/uploads\/2024\/04\/IMG_8615-300x225.jpeg 300w, https:\/\/kaferhome.fr\/wp-content\/uploads\/2024\/04\/IMG_8615-768x576.jpeg 768w, https:\/\/kaferhome.fr\/wp-content\/uploads\/2024\/04\/IMG_8615-1536x1152.jpeg 1536w, https:\/\/kaferhome.fr\/wp-content\/uploads\/2024\/04\/IMG_8615-16x12.jpeg 16w, https:\/\/kaferhome.fr\/wp-content\/uploads\/2024\/04\/IMG_8615.jpeg 2016w\" sizes=\"auto, (max-width: 1024px) 100vw, 1024px\" \/><\/figure>\n<\/div>\n<\/div>\n\n\n\n<figure class=\"wp-block-image size-large is-resized\"><img loading=\"lazy\" decoding=\"async\" width=\"1024\" height=\"768\" src=\"http:\/\/kaferhome.fr\/wp-content\/uploads\/2024\/06\/vue-exterieure-avec-nouveaux-transats-1024x768.jpg\" alt=\"\" class=\"wp-image-154\" style=\"width:659px;height:auto\" srcset=\"https:\/\/kaferhome.fr\/wp-content\/uploads\/2024\/06\/vue-exterieure-avec-nouveaux-transats-1024x768.jpg 1024w, https:\/\/kaferhome.fr\/wp-content\/uploads\/2024\/06\/vue-exterieure-avec-nouveaux-transats-300x225.jpg 300w, https:\/\/kaferhome.fr\/wp-content\/uploads\/2024\/06\/vue-exterieure-avec-nouveaux-transats-768x576.jpg 768w, https:\/\/kaferhome.fr\/wp-content\/uploads\/2024\/06\/vue-exterieure-avec-nouveaux-transats-1536x1152.jpg 1536w, https:\/\/kaferhome.fr\/wp-content\/uploads\/2024\/06\/vue-exterieure-avec-nouveaux-transats-2048x1536.jpg 2048w, https:\/\/kaferhome.fr\/wp-content\/uploads\/2024\/06\/vue-exterieure-avec-nouveaux-transats-16x12.jpg 16w\" sizes=\"auto, (max-width: 1024px) 100vw, 1024px\" \/><\/figure>","protected":false},"excerpt":{"rendered":"<p>BIENVENUE La maison \u00ab\u00a0K\u00e4fer Home\u00a0\u00bb, g\u00eete 3*, vous accueille au c\u0153ur du P\u00e9rigord noir. Maison comprenant : Au rez-de-chauss\u00e9e : entr\u00e9e, pi\u00e8ce de vie de 42 m\u00b2 avec cuisine am\u00e9nag\u00e9e et \u00e9quip\u00e9e (lave-vaisselle, four, micro-ondes, r\u00e9frig\u00e9rateur avec cong\u00e9lateur 3 tiroirs, cafeti\u00e8re \u00e0 dosettes, grille-pain), salle de d\u00e9tente comprenant le Sauna et piano, WC s\u00e9par\u00e9. Buanderie&#8230;<\/p>","protected":false},"author":1,"featured_media":0,"parent":0,"menu_order":0,"comment_status":"closed","ping_status":"closed","template":"","meta":{"_kadence_starter_templates_imported_post":false,"_kad_post_transparent":"","_kad_post_title":"","_kad_post_layout":"","_kad_post_sidebar_id":"","_kad_post_content_style":"","_kad_post_vertical_padding":"","_kad_post_feature":"","_kad_post_feature_position":"","_kad_post_header":false,"_kad_post_footer":false,"footnotes":""},"class_list":["post-6","page","type-page","status-publish","hentry"],"_links":{"self":[{"href":"https:\/\/kaferhome.fr\/en\/wp-json\/wp\/v2\/pages\/6","targetHints":{"allow":["GET"]}}],"collection":[{"href":"https:\/\/kaferhome.fr\/en\/wp-json\/wp\/v2\/pages"}],"about":[{"href":"https:\/\/kaferhome.fr\/en\/wp-json\/wp\/v2\/types\/page"}],"author":[{"embeddable":true,"href":"https:\/\/kaferhome.fr\/en\/wp-json\/wp\/v2\/users\/1"}],"replies":[{"embeddable":true,"href":"https:\/\/kaferhome.fr\/en\/wp-json\/wp\/v2\/comments?post=6"}],"version-history":[{"count":21,"href":"https:\/\/kaferhome.fr\/en\/wp-json\/wp\/v2\/pages\/6\/revisions"}],"predecessor-version":[{"id":196,"href":"https:\/\/kaferhome.fr\/en\/wp-json\/wp\/v2\/pages\/6\/revisions\/196"}],"wp:attachment":[{"href":"https:\/\/kaferhome.fr\/en\/wp-json\/wp\/v2\/media?parent=6"}],"curies":[{"name":"wp","href":"https:\/\/api.w.org\/{rel}","templated":true}]}}