{"id":140,"date":"2024-06-05T17:43:13","date_gmt":"2024-06-05T15:43:13","guid":{"rendered":"https:\/\/kaferhome.fr\/?page_id=140"},"modified":"2024-06-24T20:57:56","modified_gmt":"2024-06-24T18:57:56","slug":"avis-clients","status":"publish","type":"page","link":"https:\/\/kaferhome.fr\/en\/avis-clients\/","title":{"rendered":"Customer Advice"},"content":{"rendered":"<p>David (juin 2024)<\/p>\n\n\n\n<p>\u00ab\u00a0<em>Quelle belle place\u00a0! Nous \u00e9tions un groupe de quatre personnes, mais avec 4 chambres, il y en aurait eu plus confortablement. Le cadre est charmant dans un village paisible et l&rsquo;endroit est vraiment bien \u00e9quip\u00e9, y compris la belle piscine, un jacuzzi, un sauna, une p\u00e9tanque et un tennis de table. La maison est impeccablement propre et a \u00e9t\u00e9 vraiment bien r\u00e9nov\u00e9e par les propri\u00e9taires. Nous avons aim\u00e9 explorer la r\u00e9gion \u00e0 pied et en voiture le long de la Dordogne car l&#8217;emplacement est \u00e0 moins de 30 minutes de tous les plus beaux morceaux. Ce fut des vacances relaxantes et paisibles. L&rsquo;endroit le plus proche pour le pain et les fournitures est \u00e0 environ 1 km, mais nous avons eu tendance \u00e0 faire du shopping \u00e0 Sarlat (\u00e0 10 km) chaque fois que nous allions dans cette direction. Je serais tr\u00e8s heureux de s\u00e9journer \u00e0 nouveau ici et d&rsquo;amener d&rsquo;autres amis et de la famille avec nous<\/em>\u00ab\u00a0.<\/p>\n\n\n\n<p>Emilie (juin 2024)<\/p>\n\n\n\n<p>\u00ab\u00a0<em>accueil chaleureux et tr\u00e8s beau g\u00eete<\/em>\u00ab\u00a0.<\/p>\n\n\n\n<p>Nicolas (juin 2024)<\/p>\n\n\n\n<p>\u00ab\u00a0<em>Superbe location avec une vue tr\u00e8s agr\u00e9able et des superbes prestations. Nous avons pass\u00e9 un tr\u00e8s bon moment\u00a0\u00bb.<\/em><\/p>\n\n\n\n<p>Sandrine (mai 2024)<\/p>\n\n\n\n<p>\u00ab\u00a0<em>C\u00e9line et johann sont des h\u00f4tes sympathiques et accueillants. Le logement est parfait : propre, confortable, spacieux et tr\u00e8s bien \u00e9quip\u00e9 avec une mention sp\u00e9ciale pour l\u2019ext\u00e9rieur particuli\u00e8rement agr\u00e9able. Merci \u00e0 eux\u00a0\u00bb.<\/em><\/p>\n\n\n\n<hr class=\"wp-block-separator has-alpha-channel-opacity\"\/>\n\n\n\n<p><a href=\"https:\/\/www.airbnb.fr\/users\/show\/447528675\" target=\"_blank\" rel=\"noreferrer noopener\"><\/a><\/p>\n\n\n\n<p><a href=\"https:\/\/www.airbnb.fr\/users\/show\/447528675\" target=\"_blank\" rel=\"noreferrer noopener\"><\/a>Bea (mai 2024)<\/p>\n\n\n\n<p>\u00ab\u00a0<em>C\u00e9line et Johann sont des h\u00f4tes tr\u00e8s agr\u00e9ables, ils \u00e9taient pr\u00e9sents tous les deux pour nous accueillir . Leur logement est vraiment \u00e0 l&rsquo;image des photos avec tout le confort qu&rsquo;il faut. Les \u00e9quipements de la maison sont top (lits confortables, salle de bains spacieuses, barbecue, etc&#8230;)Nous avons eu la chance de profiter de l&rsquo;ext\u00e9rieur avec sa piscine, son spa et un cadre magnifique. Le calme de la campagne ,leur discr\u00e9tion et leur gentillesse fait que ce sont des supers h\u00f4tes. Sans h\u00e9siter je les recommande..<\/em>.\ud83d\udc4f\u00a0\u00bb<\/p>\n\n\n\n<hr class=\"wp-block-separator has-alpha-channel-opacity\"\/>\n\n\n\n<p><a href=\"https:\/\/www.airbnb.fr\/users\/show\/150110459\" target=\"_blank\" rel=\"noreferrer noopener\"><\/a><a href=\"https:\/\/www.airbnb.fr\/users\/show\/150110459\" target=\"_blank\" rel=\"noreferrer noopener\"><\/a><\/p>\n\n\n\n<p>Virginie (mai 2024)<\/p>\n\n\n\n<p>\u00ab\u00a0<em>Un magnifique s\u00e9jour le logement de C\u00e9line et Johann et Sasha, qui nous on chaleureusement acceuilli. Un v\u00e9ritable Havre de paix dans une carte postale de la Dordogne. Logement irr\u00e9prochable que dire de mieux. Parfaitement bien \u00e9quip\u00e9 et d\u00e9cor\u00e9 avec talent. La literie est impeccable. N&rsquo;h\u00e9sitez pas \u00e0 r\u00e9server\u00a0\u00bb<\/em>.<\/p>\n\n\n\n<hr class=\"wp-block-separator has-alpha-channel-opacity\"\/>\n\n\n\n<p><a href=\"https:\/\/www.airbnb.fr\/users\/show\/1908924\" target=\"_blank\" rel=\"noreferrer noopener\"><\/a><a href=\"https:\/\/www.airbnb.fr\/users\/show\/1908924\" target=\"_blank\" rel=\"noreferrer noopener\"><\/a><\/p>\n\n\n\n<p>Perrine (avril 2024)<\/p>\n\n\n\n<p>\u00ab\u00a0<em>Maison tr\u00e8s agr\u00e9able, confortable et bien bien \u00e9quip\u00e9. 3 chambres sur 4 sont \u00e9quip\u00e9s du salle de bain c\u2019est un vrai plus ! La literie est vraiment confortable. Vous passerez \u00e0 coup s\u00fbr un super s\u00e9jour en famille ou entre amis. La m\u00e9t\u00e9o ne nous a pas permis de profiter de la piscine mais le sauna et le jacuzzi sont tr\u00e8s appr\u00e9ciables. Les h\u00f4tes sont tr\u00e8s sympathiques attentionn\u00e9s et on ne manque de rien dans la maison. Vous pouvez r\u00e9server les yeux ferm\u00e9s<\/em> !\u00a0\u00bb<\/p>\n\n\n\n<hr class=\"wp-block-separator has-alpha-channel-opacity\"\/>\n\n\n\n<p><a href=\"https:\/\/www.airbnb.fr\/users\/show\/268152323\" target=\"_blank\" rel=\"noreferrer noopener\"><\/a><a href=\"https:\/\/www.airbnb.fr\/users\/show\/268152323\" target=\"_blank\" rel=\"noreferrer noopener\"><\/a><\/p>\n\n\n\n<p>Steven (avril 2024)<\/p>\n\n\n\n<p>\u00ab\u00a0<em>H\u00f4tes vraiment accueillant. Logement propres et bien \u00e9quip\u00e9. Encore merci.\u00a0\u00bb<\/em><\/p>\n\n\n\n<hr class=\"wp-block-separator has-alpha-channel-opacity\"\/>\n\n\n\n<p><a href=\"https:\/\/www.airbnb.fr\/users\/show\/14221529\" target=\"_blank\" rel=\"noreferrer noopener\"><\/a><a href=\"https:\/\/www.airbnb.fr\/users\/show\/14221529\" target=\"_blank\" rel=\"noreferrer noopener\"><\/a><\/p>\n\n\n\n<p>Frauke (avril 2024)<\/p>\n\n\n\n<p>\u00ab\u00a0<em>S\u00e9jour en famille tr\u00e8s agr\u00e9able. La maison est id\u00e9ale et id\u00e9alement situ\u00e9e pour rayonner dans le P\u00e9rigord noir. Nous avons pu profiter de la piscine avec sa tr\u00e8s jolie vue. La maison est vraiment tr\u00e8s confortable, spacieuse et bien \u00e9quip\u00e9e. Nous recommandons sans r\u00e9serve cette maison. Merci \u00e0 C\u00e9line et Johann pour leur accueil ainsi que pour leurs attentions lors de notre arriv\u00e9e\u00a0\u00bb.<\/em><\/p>\n\n\n\n<hr class=\"wp-block-separator has-alpha-channel-opacity\"\/>\n\n\n\n<p><a href=\"https:\/\/www.airbnb.fr\/users\/show\/111446541\" target=\"_blank\" rel=\"noreferrer noopener\"><\/a><a href=\"https:\/\/www.airbnb.fr\/users\/show\/111446541\" target=\"_blank\" rel=\"noreferrer noopener\"><\/a><\/p>\n\n\n\n<p>Madleen (avril 2024)<\/p>\n\n\n\n<p><em>\u00ab\u00a0Exceptionnel !! nous avons pass\u00e9 l&rsquo;un des plus beaux s\u00e9jours chez Johann et C\u00e9line. Ils sont aux petits soins, de gentilles attentions \u00e0 notre arriv\u00e9e, une souplesse dans l&rsquo;heure de d\u00e9part et le plaisir de faire partager ce lieu magnifique. La vue de la maison, la piscine que Johann a eu la gentillesse de chauffer pour nous, les chambres spacieuses et lumineuses, tous les \u00e9quipements \u00e9taient tout simplement parfaits! Veyrignac est \u00e0 20 minutes de tous les villages touristiques, tout en \u00e9tant au calme\u00a0\u00bb.<\/em><\/p>\n\n\n\n<hr class=\"wp-block-separator has-alpha-channel-opacity\"\/>\n\n\n\n<p><a href=\"https:\/\/www.airbnb.fr\/users\/show\/8899005\" target=\"_blank\" rel=\"noreferrer noopener\"><\/a><a href=\"https:\/\/www.airbnb.fr\/users\/show\/8899005\" target=\"_blank\" rel=\"noreferrer noopener\"><\/a><\/p>\n\n\n\n<p>Fergus (avril 2024)<\/p>\n\n\n\n<p>\u00ab\u00a0<em>Un endroit incroyable o\u00f9 s\u00e9journer. Belle maison, vue imprenable, piscine, jacuzzi, sauna, jeux, fl\u00e9chettes, tennis de table, boules. Nous sommes une famille de 5 personnes et tout le monde a ador\u00e9. La maison est grande, propre et spacieuse. Deux chambres disposent de grandes suites fantastiques et une dispose d&rsquo;un lavabo et d&rsquo;une douche \u00e0 l&rsquo;italienne. La maison a \u00e9t\u00e9 merveilleusement r\u00e9nov\u00e9e et la cuisine dispose de tous les ustensiles dont vous avez besoin et plus encore. Il y a une Spar, une boulangerie, un bureau de poste et une charcuterie \u00e0 5 minutes en voiture (je suis arriv\u00e9 en voiture avant que la Symphonie Unchained de Massive Attack n&rsquo;ait termin\u00e9&nbsp;!). Les d\u00e9lices de la Dordogne ne sont pas loin, Sarlat 25 minutes (bien que beaucoup plus court lorsque le pont de Grolejac rouvre), puis Domme, Beynac, La Roque-Gageac, entre autres, le tout \u00e0 moins de 30 minutes en voiture. C\u00e9line et Johann sont tr\u00e8s serviables et respectent totalement votre vie priv\u00e9e. Juste un logement fantastique dans un cadre fantastique<\/em>\u00ab\u00a0.<\/p>\n\n\n\n<hr class=\"wp-block-separator has-alpha-channel-opacity\"\/>\n\n\n\n<p><\/p>\n\n\n\n<p>Meggie (janvier 2024)<\/p>\n\n\n\n<p>\u00ab\u00a0<em>Superbe maison, r\u00e9nov\u00e9e et agenc\u00e9e avec go\u00fbt ! Tout y est pour s\u2019y sentir comme \u00e0 la maison : grand espace, piscine, jacuzzi, sauna, jeux, etc\u2026 Nous avons pass\u00e9 un excellent s\u00e9jour<\/em>\u00ab\u00a0.<\/p>\n\n\n\n<hr class=\"wp-block-separator has-alpha-channel-opacity\"\/>\n\n\n\n<p><\/p>\n\n\n\n<p>Lien (septembre 2023)<\/p>\n\n\n\n<p><em>\u00ab\u00a0G\u00e9nial&nbsp;!&nbsp;!&nbsp;! Tout est disponible pour passer de super vacances&nbsp;!&nbsp;! Tr\u00e8s belle piscine jacuzzi nous avons voyag\u00e9 avec un b\u00e9b\u00e9 de 1 an et aussi pour le b\u00e9b\u00e9 tout ce qui est disponible (lit, baignoire, chaise&#8230;). Vraiment un tr\u00e8s joli chalet avec une belle vue. Propri\u00e9taires tr\u00e8s sympathiques qui r\u00e9pondent tr\u00e8s rapidement tout en respectant votre vie priv\u00e9e. Je le recommanderais certainement&nbsp;!\u00a0\u00bb<\/em><\/p>\n\n\n\n<hr class=\"wp-block-separator has-alpha-channel-opacity\"\/>\n\n\n\n<p><a href=\"https:\/\/www.airbnb.fr\/users\/show\/51660688\" target=\"_blank\" rel=\"noreferrer noopener\"><\/a><\/p>\n\n\n\n<p><a href=\"https:\/\/www.airbnb.fr\/users\/show\/51660688\" target=\"_blank\" rel=\"noreferrer noopener\"><\/a>Catherine (septembre 2023)<\/p>\n\n\n\n<p>\u00ab\u00a0<em>TOP, TOP TOP &#8230;.et encore TOP Nous avons eu la chance de passer 9 merveilleux jours chez C\u00e9line et johann Des h\u00f4tes attentionn\u00e9s et aux p tits soins. L\u00e0, pas de bo\u00eete \u00e0 clefs, un accueil sympathique o\u00f9 ils ont \u00e0 c\u0153ur de faire d\u00e9couvrir leurs magnifique maison r\u00e9nov\u00e9e avec go\u00fbt par leur soins. Tr\u00e8s bien d\u00e9cor\u00e9e , \u00e9quip\u00e9e, literie confortable, linge de maison nickel, piscine g\u00e9niale ( surtout en cette p\u00e9riode) il ne manque RIEN &#8230;et cette vue extraordinaire sur la campagne et le village. \u00e0 5 min en voiture , les commerces essentiels, pas loin de la Dordogne et des attraits touristiques . en plus pour ne rien g\u00e2cher LE CALME, la nature , id\u00e9al pour d\u00e9couvrir la r\u00e9gion et se ressourcer, nous 4 ( nos enfants et nous 2 ) nous mettons 6 \u00e9toiles ! Sans h\u00e9sitation&#8230;&#8230;&#8230;&#8230;.<\/em>.\u00a0\u00bb<\/p>\n\n\n\n<hr class=\"wp-block-separator has-alpha-channel-opacity\"\/>\n\n\n\n<p><a href=\"https:\/\/www.airbnb.fr\/users\/show\/234486640\" target=\"_blank\" rel=\"noreferrer noopener\"><\/a><a href=\"https:\/\/www.airbnb.fr\/users\/show\/234486640\" target=\"_blank\" rel=\"noreferrer noopener\"><\/a><\/p>\n\n\n\n<p>Romain (ao\u00fbt 2023)<\/p>\n\n\n\n<p>\u00ab\u00a0<em>Maison de charme en Dordogne! Super maison r\u00e9nov\u00e9e avec go\u00fbt, volume important permettant d\u2019en profiter une maximum, tr\u00e8s bien \u00e9quip\u00e9e. H\u00f4tes tr\u00e8s agr\u00e9ables et attentionn\u00e9s! Nous ne pouvons que recommander cette destination\u00a0\u00bb.<\/em><\/p>","protected":false},"excerpt":{"rendered":"<p>David (juin 2024) \u00ab\u00a0Quelle belle place\u00a0! Nous \u00e9tions un groupe de quatre personnes, mais avec 4 chambres, il y en aurait eu plus confortablement. Le cadre est charmant dans un village paisible et l&rsquo;endroit est vraiment bien \u00e9quip\u00e9, y compris la belle piscine, un jacuzzi, un sauna, une p\u00e9tanque et un tennis de table. La&#8230;<\/p>","protected":false},"author":1,"featured_media":0,"parent":0,"menu_order":0,"comment_status":"closed","ping_status":"closed","template":"","meta":{"_kadence_starter_templates_imported_post":false,"_kad_post_transparent":"","_kad_post_title":"","_kad_post_layout":"","_kad_post_sidebar_id":"","_kad_post_content_style":"","_kad_post_vertical_padding":"","_kad_post_feature":"","_kad_post_feature_position":"","_kad_post_header":false,"_kad_post_footer":false,"footnotes":""},"class_list":["post-140","page","type-page","status-publish","hentry"],"_links":{"self":[{"href":"https:\/\/kaferhome.fr\/en\/wp-json\/wp\/v2\/pages\/140","targetHints":{"allow":["GET"]}}],"collection":[{"href":"https:\/\/kaferhome.fr\/en\/wp-json\/wp\/v2\/pages"}],"about":[{"href":"https:\/\/kaferhome.fr\/en\/wp-json\/wp\/v2\/types\/page"}],"author":[{"embeddable":true,"href":"https:\/\/kaferhome.fr\/en\/wp-json\/wp\/v2\/users\/1"}],"replies":[{"embeddable":true,"href":"https:\/\/kaferhome.fr\/en\/wp-json\/wp\/v2\/comments?post=140"}],"version-history":[{"count":3,"href":"https:\/\/kaferhome.fr\/en\/wp-json\/wp\/v2\/pages\/140\/revisions"}],"predecessor-version":[{"id":158,"href":"https:\/\/kaferhome.fr\/en\/wp-json\/wp\/v2\/pages\/140\/revisions\/158"}],"wp:attachment":[{"href":"https:\/\/kaferhome.fr\/en\/wp-json\/wp\/v2\/media?parent=140"}],"curies":[{"name":"wp","href":"https:\/\/api.w.org\/{rel}","templated":true}]}}